{"id":1020,"date":"2026-01-30T18:13:15","date_gmt":"2026-01-30T17:13:15","guid":{"rendered":"https:\/\/sommerakademie-leonfelden.com\/lecturers\/"},"modified":"2026-03-01T23:44:16","modified_gmt":"2026-03-01T22:44:16","slug":"lecturers","status":"publish","type":"page","link":"https:\/\/sommerakademie-leonfelden.com\/en\/lecturers\/","title":{"rendered":"Lecturers"},"content":{"rendered":"<div data-elementor-type=\"wp-page\" data-elementor-id=\"1020\" class=\"elementor elementor-1020 elementor-789\" data-elementor-post-type=\"page\">\n\t\t\t\t<div class=\"elementor-element elementor-element-2a621b6 e-flex e-con-boxed e-con e-parent\" data-id=\"2a621b6\" data-element_type=\"container\" data-e-type=\"container\" data-settings=\"{&quot;background_background&quot;:&quot;classic&quot;,&quot;shape_divider_bottom&quot;:&quot;tilt&quot;}\">\n\t\t\t\t\t<div class=\"e-con-inner\">\n\t\t\t\t<div class=\"elementor-shape elementor-shape-bottom\" aria-hidden=\"true\" data-negative=\"false\">\n\t\t\t<svg xmlns=\"http:\/\/www.w3.org\/2000\/svg\" viewbox=\"0 0 1000 100\" preserveaspectratio=\"none\">\n\t<path class=\"elementor-shape-fill\" d=\"M0,6V0h1000v100L0,6z\"\/>\n<\/svg>\t\t<\/div>\n\t\t<div class=\"elementor-element elementor-element-e798c8a e-con-full e-flex e-con e-child\" data-id=\"e798c8a\" data-element_type=\"container\" data-e-type=\"container\">\n\t\t\t\t<div class=\"elementor-element elementor-element-f67db49 elementor-widget elementor-widget-heading\" data-id=\"f67db49\" data-element_type=\"widget\" data-e-type=\"widget\" data-widget_type=\"heading.default\">\n\t\t\t\t\t<h2 class=\"elementor-heading-title elementor-size-default\">Lecturers<\/h2>\t\t\t\t<\/div>\n\t\t\t\t<div class=\"elementor-element elementor-element-aa970ef elementor-widget elementor-widget-heading\" data-id=\"aa970ef\" data-element_type=\"widget\" data-e-type=\"widget\" data-widget_type=\"heading.default\">\n\t\t\t\t\t<h2 class=\"elementor-heading-title elementor-size-default\">of the International Summer Academy Bad Leonfelden 2026<\/h2>\t\t\t\t<\/div>\n\t\t\t\t<\/div>\n\t\t\t\t\t<\/div>\n\t\t\t\t<\/div>\n\t\t<div class=\"elementor-element elementor-element-8857094 e-flex e-con-boxed e-con e-parent\" data-id=\"8857094\" data-element_type=\"container\" data-e-type=\"container\">\n\t\t\t\t\t<div class=\"e-con-inner\">\n\t\t<div class=\"elementor-element elementor-element-b33a63c e-con-full e-flex e-con e-child\" data-id=\"b33a63c\" data-element_type=\"container\" data-e-type=\"container\" data-settings=\"{&quot;background_background&quot;:&quot;classic&quot;}\">\n\t\t\t\t<div class=\"elementor-element elementor-element-b5595db elementor-widget elementor-widget-heading\" data-id=\"b5595db\" data-element_type=\"widget\" data-e-type=\"widget\" data-widget_type=\"heading.default\">\n\t\t\t\t\t<h2 class=\"elementor-heading-title elementor-size-default\"><a href=\"https:\/\/thomasriebl.com\">Thomas Riebl \n- Viola<\/a><\/h2>\t\t\t\t<\/div>\n\t\t\t\t<div class=\"elementor-element elementor-element-7c2d7a2 elementor-widget elementor-widget-image\" data-id=\"7c2d7a2\" data-element_type=\"widget\" data-e-type=\"widget\" data-widget_type=\"image.default\">\n\t\t\t\t\t\t\t\t\t\t\t\t\t\t\t\t<a href=\"https:\/\/thomasriebl.com\">\n\t\t\t\t\t\t\t<img fetchpriority=\"high\" decoding=\"async\" width=\"750\" height=\"750\" src=\"https:\/\/sommerakademie-leonfelden.com\/wp-content\/uploads\/2026\/02\/Thomas-Riebl-2.webp\" class=\"attachment-large size-large wp-image-1021\" alt=\"\" srcset=\"https:\/\/sommerakademie-leonfelden.com\/wp-content\/uploads\/2026\/02\/Thomas-Riebl-2.webp 750w, https:\/\/sommerakademie-leonfelden.com\/wp-content\/uploads\/2026\/02\/Thomas-Riebl-2-300x300.webp 300w, https:\/\/sommerakademie-leonfelden.com\/wp-content\/uploads\/2026\/02\/Thomas-Riebl-2-150x150.webp 150w, https:\/\/sommerakademie-leonfelden.com\/wp-content\/uploads\/2026\/02\/Thomas-Riebl-2-12x12.webp 12w\" sizes=\"(max-width: 750px) 100vw, 750px\" \/>\t\t\t\t\t\t\t\t<\/a>\n\t\t\t\t\t\t\t\t\t\t\t\t\t\t\t<\/div>\n\t\t\t\t<\/div>\n\t\t<div class=\"elementor-element elementor-element-f234d21 e-con-full e-flex e-con e-child\" data-id=\"f234d21\" data-element_type=\"container\" data-e-type=\"container\">\n\t\t\t\t<div class=\"elementor-element elementor-element-d071ef0 elementor-widget elementor-widget-text-editor\" data-id=\"d071ef0\" data-element_type=\"widget\" data-e-type=\"widget\" data-widget_type=\"text-editor.default\">\n\t\t\t\t\t\t\t\t\t<p><strong>Thomas Riebl <\/strong>was born in Vienna. He studied with Siegfried F\u00fchrlinger, Peter Schidlof, and Sandor V\u00e9gh. He made his debut at the Vienna Konzerthaus at the age of 16; since then, he has performed on the most important stages in Europe and the USA (including the Golden Hall of the Vienna Musikverein, Concertgebouw Amsterdam, and Carnegie Hall, NY), with many orchestras, including the Chicago Symphony Orchestra, the Vienna Symphony Orchestra, and the Bavarian Radio Symphony Orchestra, under conductors such as Claudio Abbado, Horst Stein, Edo de Waart, Sir Andrew Davies, and Sylvain Cambreling. He has been a guest at many renowned international music festivals (e.g., Salzburg Festival) and has performed with Jessye Norman, Brigitte Fassbaender, Aur\u00e8le Nicolet, Gidon Kremer, Benjamin Schmid, Joshua Bell, Isabelle Faust, Tabea Zimmermann, Natalia Gutman, Boris Pergamenschikow, Steven Isserlis, Sabine Meyer, Andr\u00e1s Schiff, Oleg Maisenberg, Elisabeth Leonskaja, Pierre-Laurent Aimard, Lars Vogt, and the Juilliard String Quartet.<\/p><p>Thomas Riebl won 3rd prize at the ARD International Music Competition in Munich in 1976 and 1st prize at the Naumburg International Viola Competition in New York in 1982.<\/p><p>From 1972 to 1979, he was the violist of the Vienna Franz Schubert Quartet (1st prize at the European Broadcasting Union competition in Stockholm in 1974); from 1979 to 2004, he was a member of the Vienna String Sextet. Since 1983, he has been a professor at the Mozarteum University Salzburg and has given countless master classes at the most prestigious international music academies. Many of his students have won international competitions and have become professors at music academies as well as members of leading orchestras and string quartets.<\/p><p>He is the artistic director of the International Summer Academy Bad Leonfelden, Austria, and has recorded numerous CDs for EMI, RCA, pan classics, and Hyperion Records. In 2010, together with master luthier Bernd Hiller, he developed a five-string tenor viola, on which he performs works such as the Arpeggione Sonata by F. Schubert, J.S. Bach&#8217;s lute version of his 5th Cello Suite, his 6th Cello Suite, Mozart&#8217;s Clarinet Concerto (in the original version for basset clarinet), as well as works newly written for the instrument, including &#8222;Toccata for Thomas&#8220; by Garth Knox.<\/p>\t\t\t\t\t\t\t\t<\/div>\n\t\t\t\t<\/div>\n\t\t\t\t\t<\/div>\n\t\t\t\t<\/div>\n\t\t<div class=\"elementor-element elementor-element-eb64c84 e-flex e-con-boxed e-con e-parent\" data-id=\"eb64c84\" data-element_type=\"container\" data-e-type=\"container\">\n\t\t\t\t\t<div class=\"e-con-inner\">\n\t\t\t\t<div class=\"elementor-element elementor-element-65fc41a elementor-widget elementor-widget-spacer\" data-id=\"65fc41a\" data-element_type=\"widget\" data-e-type=\"widget\" data-widget_type=\"spacer.default\">\n\t\t\t\t\t\t\t<div class=\"elementor-spacer\">\n\t\t\t<div class=\"elementor-spacer-inner\"><\/div>\n\t\t<\/div>\n\t\t\t\t\t\t<\/div>\n\t\t\t\t\t<\/div>\n\t\t\t\t<\/div>\n\t\t<div class=\"elementor-element elementor-element-26c2990 e-flex e-con-boxed e-con e-parent\" data-id=\"26c2990\" data-element_type=\"container\" data-e-type=\"container\">\n\t\t\t\t\t<div class=\"e-con-inner\">\n\t\t<div class=\"elementor-element elementor-element-fde2c6a e-con-full e-flex e-con e-child\" data-id=\"fde2c6a\" data-element_type=\"container\" data-e-type=\"container\" data-settings=\"{&quot;background_background&quot;:&quot;classic&quot;}\">\n\t\t\t\t<div class=\"elementor-element elementor-element-3b08505 elementor-widget elementor-widget-heading\" data-id=\"3b08505\" data-element_type=\"widget\" data-e-type=\"widget\" data-widget_type=\"heading.default\">\n\t\t\t\t\t<h2 class=\"elementor-heading-title elementor-size-default\"><a href=\"https:\/\/www.diyangmei.com\/de\/\">Diyang Mei\n- Viola<\/a><\/h2>\t\t\t\t<\/div>\n\t\t\t\t<div class=\"elementor-element elementor-element-dab7d21 elementor-widget elementor-widget-image\" data-id=\"dab7d21\" data-element_type=\"widget\" data-e-type=\"widget\" data-widget_type=\"image.default\">\n\t\t\t\t\t\t\t\t\t\t\t\t\t\t\t\t<a href=\"https:\/\/www.diyangmei.com\/de\/\">\n\t\t\t\t\t\t\t<img decoding=\"async\" width=\"800\" height=\"420\" src=\"https:\/\/sommerakademie-leonfelden.com\/wp-content\/uploads\/2026\/01\/csm_Mei-Diyang_c_Hoederath_29747_Y_01_dce2291988-1024x538.jpg\" class=\"attachment-large size-large wp-image-1022\" alt=\"\" srcset=\"https:\/\/sommerakademie-leonfelden.com\/wp-content\/uploads\/2026\/01\/csm_Mei-Diyang_c_Hoederath_29747_Y_01_dce2291988-1024x538.jpg 1024w, https:\/\/sommerakademie-leonfelden.com\/wp-content\/uploads\/2026\/01\/csm_Mei-Diyang_c_Hoederath_29747_Y_01_dce2291988-300x158.jpg 300w, https:\/\/sommerakademie-leonfelden.com\/wp-content\/uploads\/2026\/01\/csm_Mei-Diyang_c_Hoederath_29747_Y_01_dce2291988-150x79.jpg 150w, https:\/\/sommerakademie-leonfelden.com\/wp-content\/uploads\/2026\/01\/csm_Mei-Diyang_c_Hoederath_29747_Y_01_dce2291988-768x403.jpg 768w, https:\/\/sommerakademie-leonfelden.com\/wp-content\/uploads\/2026\/01\/csm_Mei-Diyang_c_Hoederath_29747_Y_01_dce2291988-1536x806.jpg 1536w, https:\/\/sommerakademie-leonfelden.com\/wp-content\/uploads\/2026\/01\/csm_Mei-Diyang_c_Hoederath_29747_Y_01_dce2291988-18x9.jpg 18w, https:\/\/sommerakademie-leonfelden.com\/wp-content\/uploads\/2026\/01\/csm_Mei-Diyang_c_Hoederath_29747_Y_01_dce2291988.jpg 2000w\" sizes=\"(max-width: 800px) 100vw, 800px\" \/>\t\t\t\t\t\t\t\t<\/a>\n\t\t\t\t\t\t\t\t\t\t\t\t\t\t\t<\/div>\n\t\t\t\t<\/div>\n\t\t<div class=\"elementor-element elementor-element-f4c31e3 e-con-full e-flex e-con e-child\" data-id=\"f4c31e3\" data-element_type=\"container\" data-e-type=\"container\">\n\t\t\t\t<div class=\"elementor-element elementor-element-500e2ae elementor-widget elementor-widget-text-editor\" data-id=\"500e2ae\" data-element_type=\"widget\" data-e-type=\"widget\" data-widget_type=\"text-editor.default\">\n\t\t\t\t\t\t\t\t\t<p>\u201c<em>The instantaneous grip, the electrifying playing style throughout, the logical phrasing, the rhythmic stability, and the staggeringly accurate intonation characterized all of Diyang Mei\u2019s performances.\u201d<\/em><\/p><p><em>Harald Eggebrecht, S\u00fcddeutsche Zeitung<\/em><\/p><p>Ever since violist Diyang Mei\u2019s brilliant success at the 2018 ARD International Music Competition, winning first prize in the viola category, the Audience Prize and several special prizes, he has been steadily furthering his international career.<\/p><p>As a soloist, Diyang Mei has performed with the Bavarian Radio Symphony Orchestra, the SWR Symphony Orchestra Stuttgart, the Munich Chamber Orchestra, the Konzerthausorchester Berlin, the Scottish Chamber Orchestra and at the Mecklenburg-Vorpommern Festival, the SWR Festival Schwetzingen, the Schwarzwald Music Festival and the Mozartfest in W\u00fcrzburg. He has performed with Andr\u00e1s Schiff, Vadim Gluzman, G\u00fcnter Pichler, Gerhard Schulz, Ana Chumachenco, Sabine Meyer, Christoph Pr\u00e9gardien und Frans Helmerson among others.  <\/p><p>Diyang Mei has held the position of 1st principal viola of the Munich Philharmonic Orchestra since the fall of 2019. In October 2022, he will take up the same position with the Berliner Philharmonic Orchestra.<\/p><p>He was awarded first prizes at the 52nd International Instrumental Competition for Viola in Markneukirchen (2017), at the International Max Rostal Music Competition for Viola in Berlin (2015), at the Kulturkreis Gasteig Musikpreis for Strings in Munich (2015), at the IVC Young Artist Competition in Rochester (2012), at the 19th International Johannes Brahms Viola Competition in Austria (2012) and at the 10th International Viola and Cello Competition in Villa de Llanes, Spain (2008).<\/p><p>His first solo-album \u201cTransforming Viola\u201d was released in 2019. In June 2022, His second album \u201cViola \u00e0 L\u2019Ecole de Paris\u201d will be released, to which he is dedicated together with the German-pianist Oliver Triendl.<\/p><p>Diyang Mei has studied with Hariolf Schlichtig at the University of Music and Performing Arts in Munich since 2014 and as of October 2019, will continue his studies with Nobuko Imai at the Kronberg Academy. He is supported by both the Yu Art Foundation in China and the Borletti-Buitoni Trust and is also a Yehudi Menuhin LMN e.V. scholarship holder. He plays a Antonio Mariani viola from 1646, on generous loan by a private collection.<\/p>\t\t\t\t\t\t\t\t<\/div>\n\t\t\t\t<\/div>\n\t\t\t\t\t<\/div>\n\t\t\t\t<\/div>\n\t\t<div class=\"elementor-element elementor-element-764b247 e-flex e-con-boxed e-con e-parent\" data-id=\"764b247\" data-element_type=\"container\" data-e-type=\"container\">\n\t\t\t\t\t<div class=\"e-con-inner\">\n\t\t\t\t<div class=\"elementor-element elementor-element-2c4af9b elementor-widget elementor-widget-spacer\" data-id=\"2c4af9b\" data-element_type=\"widget\" data-e-type=\"widget\" data-widget_type=\"spacer.default\">\n\t\t\t\t\t\t\t<div class=\"elementor-spacer\">\n\t\t\t<div class=\"elementor-spacer-inner\"><\/div>\n\t\t<\/div>\n\t\t\t\t\t\t<\/div>\n\t\t\t\t\t<\/div>\n\t\t\t\t<\/div>\n\t\t<div class=\"elementor-element elementor-element-6e1b380 e-flex e-con-boxed e-con e-parent\" data-id=\"6e1b380\" data-element_type=\"container\" data-e-type=\"container\">\n\t\t\t\t\t<div class=\"e-con-inner\">\n\t\t<div class=\"elementor-element elementor-element-8609960 e-con-full e-flex e-con e-child\" data-id=\"8609960\" data-element_type=\"container\" data-e-type=\"container\" data-settings=\"{&quot;background_background&quot;:&quot;classic&quot;}\">\n\t\t\t\t<div class=\"elementor-element elementor-element-151c061 elementor-widget elementor-widget-heading\" data-id=\"151c061\" data-element_type=\"widget\" data-e-type=\"widget\" data-widget_type=\"heading.default\">\n\t\t\t\t\t<h2 class=\"elementor-heading-title elementor-size-default\"><a href=\"https:\/\/www.salzburgerfestspiele.at\/a\/marko-milenkovic\">Marko Milenkovic\n- Viola<\/a><\/h2>\t\t\t\t<\/div>\n\t\t\t\t<div class=\"elementor-element elementor-element-8d0dd28 elementor-widget elementor-widget-image\" data-id=\"8d0dd28\" data-element_type=\"widget\" data-e-type=\"widget\" data-widget_type=\"image.default\">\n\t\t\t\t\t\t\t\t\t\t\t\t\t\t\t\t<a href=\"https:\/\/www.salzburgerfestspiele.at\/a\/marko-milenkovic\">\n\t\t\t\t\t\t\t<img decoding=\"async\" width=\"683\" height=\"1024\" src=\"https:\/\/sommerakademie-leonfelden.com\/wp-content\/uploads\/2026\/02\/Marko-1-683x1024.jpg\" class=\"attachment-large size-large wp-image-1023\" alt=\"\" srcset=\"https:\/\/sommerakademie-leonfelden.com\/wp-content\/uploads\/2026\/02\/Marko-1-683x1024.jpg 683w, https:\/\/sommerakademie-leonfelden.com\/wp-content\/uploads\/2026\/02\/Marko-1-200x300.jpg 200w, https:\/\/sommerakademie-leonfelden.com\/wp-content\/uploads\/2026\/02\/Marko-1-100x150.jpg 100w, https:\/\/sommerakademie-leonfelden.com\/wp-content\/uploads\/2026\/02\/Marko-1-768x1152.jpg 768w, https:\/\/sommerakademie-leonfelden.com\/wp-content\/uploads\/2026\/02\/Marko-1-1024x1536.jpg 1024w, https:\/\/sommerakademie-leonfelden.com\/wp-content\/uploads\/2026\/02\/Marko-1-1365x2048.jpg 1365w, https:\/\/sommerakademie-leonfelden.com\/wp-content\/uploads\/2026\/02\/Marko-1-8x12.jpg 8w, https:\/\/sommerakademie-leonfelden.com\/wp-content\/uploads\/2026\/02\/Marko-1-scaled.jpg 1706w\" sizes=\"(max-width: 683px) 100vw, 683px\" \/>\t\t\t\t\t\t\t\t<\/a>\n\t\t\t\t\t\t\t\t\t\t\t\t\t\t\t<\/div>\n\t\t\t\t<\/div>\n\t\t<div class=\"elementor-element elementor-element-6ede108 e-con-full e-flex e-con e-child\" data-id=\"6ede108\" data-element_type=\"container\" data-e-type=\"container\">\n\t\t\t\t<div class=\"elementor-element elementor-element-6dff233 elementor-widget elementor-widget-text-editor\" data-id=\"6dff233\" data-element_type=\"widget\" data-e-type=\"widget\" data-widget_type=\"text-editor.default\">\n\t\t\t\t\t\t\t\t\t<p>Marko Milenkovi\u0107 has been the principal violist of the WDR Symphony Orchestra since 2024, having previously become the principal violist of the Stuttgart Chamber Orchestra at the age of 22. Starting in the winter semester of 2025, he will take up a professorship for viola at the Cologne University of Music and Dance.<\/p><p>As a guest principal violist, Marko has worked with renowned ensembles such as Camerata Bern, the Munich Chamber Orchestra, the Casa da M\u00fasica Symphony Orchestra (Portugal), the Liechtenstein Symphony Orchestra, the Deutsche Kammerakademie Neuss am Rhein, and the Salzburg Chamber Soloists. He is also a regular guest with Camerata Salzburg and the Mahler Chamber Orchestra.<\/p><p>As a passionate chamber musician, Marko was a member of the Adelphi Quartet Salzburg, with whom he celebrated international success\u2014including 1st prize at the Irene Steels-Wilsing Foundation Competition (Heidelberger Fr\u00fchling), 2nd prize at the Wigmore Hall String Quartet Competition in London, as well as several awards at the Premio Paolo Borciani International Competition in Reggio Emilia. Previous chamber music stations led him to the Testore Quartet (Austria) and the Amar Quartet (Switzerland).<\/p><p>He has performed at major festivals such as the Salzburg Festival, the Mecklenburg-Vorpommern Festival, and the Rheingau Music Festival, where he appeared with artists such as Patricia Kopatchinskaja, Valentin Erben, Sergio Azzolini, and Ilya Gringolts. As a soloist, he has performed with the Stuttgart Chamber Orchestra and the Bosch String Soloists and has taught at the Haliaeti Masterclasses in Slovenia and at the Royal Conservatoire Birmingham.<\/p><p>Born in \u0106uprija (Serbia), Marko began his musical education on the violin at the age of six before switching to the viola at fourteen and becoming a student of Prof. Tomislav Milo\u0161evi\u0107. He continued his studies with Thomas Riebl and Lawrence Power.<\/p><p>He plays a viola by Hiroshi Iizuka from 1996.<\/p>\t\t\t\t\t\t\t\t<\/div>\n\t\t\t\t<\/div>\n\t\t\t\t\t<\/div>\n\t\t\t\t<\/div>\n\t\t\t\t<\/div>","protected":false},"excerpt":{"rendered":"<p>Lecturers of the International Summer Academy Bad Leonfelden 2026 Thomas Riebl &#8211; Viola Thomas Riebl was born in Vienna. He studied with Siegfried F\u00fchrlinger, Peter Schidlof, and Sandor V\u00e9gh. He made his debut at the Vienna Konzerthaus at the age of 16; since then, he has performed on the most important stages in Europe and [&hellip;]<\/p>\n","protected":false},"author":4,"featured_media":0,"parent":0,"menu_order":0,"comment_status":"closed","ping_status":"closed","template":"","meta":{"footnotes":""},"class_list":["post-1020","page","type-page","status-publish","hentry"],"_links":{"self":[{"href":"https:\/\/sommerakademie-leonfelden.com\/en\/wp-json\/wp\/v2\/pages\/1020","targetHints":{"allow":["GET"]}}],"collection":[{"href":"https:\/\/sommerakademie-leonfelden.com\/en\/wp-json\/wp\/v2\/pages"}],"about":[{"href":"https:\/\/sommerakademie-leonfelden.com\/en\/wp-json\/wp\/v2\/types\/page"}],"author":[{"embeddable":true,"href":"https:\/\/sommerakademie-leonfelden.com\/en\/wp-json\/wp\/v2\/users\/4"}],"replies":[{"embeddable":true,"href":"https:\/\/sommerakademie-leonfelden.com\/en\/wp-json\/wp\/v2\/comments?post=1020"}],"version-history":[{"count":1,"href":"https:\/\/sommerakademie-leonfelden.com\/en\/wp-json\/wp\/v2\/pages\/1020\/revisions"}],"predecessor-version":[{"id":1024,"href":"https:\/\/sommerakademie-leonfelden.com\/en\/wp-json\/wp\/v2\/pages\/1020\/revisions\/1024"}],"wp:attachment":[{"href":"https:\/\/sommerakademie-leonfelden.com\/en\/wp-json\/wp\/v2\/media?parent=1020"}],"curies":[{"name":"wp","href":"https:\/\/api.w.org\/{rel}","templated":true}]}}